{"id":30961,"date":"2024-06-18T09:52:43","date_gmt":"2024-06-18T09:52:43","guid":{"rendered":"https:\/\/kanepex.dorosh.net\/?post_type=product&#038;p=30961"},"modified":"2026-03-25T11:49:19","modified_gmt":"2026-03-25T09:49:19","slug":"100-bio-rapsu-ella-1000ml","status":"publish","type":"product","link":"https:\/\/kanepex.com\/en\/product\/100-bio-rapsu-ella-1000ml\/","title":{"rendered":"100% Organic Rapeseed oil, 1000ml"},"content":{"rendered":"<p><strong data-start=\"91\" data-end=\"145\">Atkl\u0101jiet m\u016bsu 100% BIO auksti spiestu rap\u0161u e\u013c\u013cu!<\/strong><br data-start=\"145\" data-end=\"148\" \/>Bag\u0101ta ar Omega-3, 6 un 9 tauksk\u0101b\u0113m, k\u0101 ar\u012b E un K vitam\u012bnu avots.<br data-start=\"215\" data-end=\"218\" \/><strong data-start=\"221\" data-end=\"253\">Nerafin\u0113ta un auksti spiesta<\/strong>, t\u0101 saglab\u0101 visas dabisk\u0101s uzturvielas un \u012bsto rap\u0161u gar\u0161u.<br data-start=\"313\" data-end=\"316\" \/>Pateicoties augstajai kvalit\u0101tei, \u0161\u012b e\u013c\u013ca ir <strong data-start=\"361\" data-end=\"403\">univers\u0101la izv\u0113le ikdienas gatavo\u0161anai<\/strong> \u2013 gan sal\u0101tiem, gan cep\u0161anai.<\/p>","protected":false},"excerpt":{"rendered":"<p><strong>Ingredients<\/strong>: High pressed canola oil (origin LV).<\/p>","protected":false},"featured_media":32424,"template":"","meta":{"rank_math_lock_modified_date":false},"product_cat":[],"product_tag":[],"class_list":{"0":"post-30961","1":"product","2":"type-product","3":"status-publish","4":"has-post-thumbnail","8":"first","9":"instock","10":"taxable","11":"shipping-taxable","12":"purchasable","13":"product-type-simple"},"_links":{"self":[{"href":"https:\/\/kanepex.com\/en\/wp-json\/wp\/v2\/product\/30961","targetHints":{"allow":["GET"]}}],"collection":[{"href":"https:\/\/kanepex.com\/en\/wp-json\/wp\/v2\/product"}],"about":[{"href":"https:\/\/kanepex.com\/en\/wp-json\/wp\/v2\/types\/product"}],"version-history":[{"count":3,"href":"https:\/\/kanepex.com\/en\/wp-json\/wp\/v2\/product\/30961\/revisions"}],"predecessor-version":[{"id":32546,"href":"https:\/\/kanepex.com\/en\/wp-json\/wp\/v2\/product\/30961\/revisions\/32546"}],"wp:featuredmedia":[{"embeddable":true,"href":"https:\/\/kanepex.com\/en\/wp-json\/wp\/v2\/media\/32424"}],"wp:attachment":[{"href":"https:\/\/kanepex.com\/en\/wp-json\/wp\/v2\/media?parent=30961"}],"wp:term":[{"taxonomy":"product_cat","embeddable":true,"href":"https:\/\/kanepex.com\/en\/wp-json\/wp\/v2\/product_cat?post=30961"},{"taxonomy":"product_tag","embeddable":true,"href":"https:\/\/kanepex.com\/en\/wp-json\/wp\/v2\/product_tag?post=30961"}],"curies":[{"name":"wp","href":"https:\/\/api.w.org\/{rel}","templated":true}]}}