{"id":31922,"date":"2024-09-09T22:52:00","date_gmt":"2024-09-09T19:52:00","guid":{"rendered":"https:\/\/kanepex.lv\/?post_type=product&#038;p=31922"},"modified":"2025-09-21T12:59:26","modified_gmt":"2025-09-21T09:59:26","slug":"100-bio-kanepju-seklu-ella-ar-skiedrvielam-premium-300ml","status":"publish","type":"product","link":"http:\/\/kanepex.com\/en\/product\/100-bio-kanepju-seklu-ella-ar-skiedrvielam-premium-300ml\/","title":{"rendered":"100% BIO Hemp seed oil with fiber (Premium), 300ml"},"content":{"rendered":"<p>Atkl\u0101jiet m\u016bsu 100% BIO auksti spiestu ka\u0146epju s\u0113klu e\u013c\u013cu ar \u0161\u0137iedrviel\u0101m \u2013 bag\u0101t\u012bgu ar neaizvietojamaj\u0101m tauksk\u0101b\u0113m Omega 3, Omega 6, Omega 9, E vitam\u012bnu, antioksidantiem un \u0161\u0137iedrviel\u0101m. Auksti spie\u0161anas process saglab\u0101 visas uzturv\u0113rt\u012bbas un nodro\u0161ina visaugst\u0101ko e\u013c\u013cas kvalit\u0101ti.<\/p>","protected":false},"excerpt":{"rendered":"<p class=\" translation-block\"><strong>Ingredients<\/strong>: Cold-pressed hemp seed oil with fiber (origin LV).<\/p>","protected":false},"featured_media":32060,"template":"","meta":{"rank_math_lock_modified_date":false},"product_cat":[],"product_tag":[],"class_list":{"0":"post-31922","1":"product","2":"type-product","3":"status-publish","4":"has-post-thumbnail","8":"first","9":"outofstock","10":"taxable","11":"shipping-taxable","12":"purchasable","13":"product-type-simple"},"_links":{"self":[{"href":"http:\/\/kanepex.com\/en\/wp-json\/wp\/v2\/product\/31922","targetHints":{"allow":["GET"]}}],"collection":[{"href":"http:\/\/kanepex.com\/en\/wp-json\/wp\/v2\/product"}],"about":[{"href":"http:\/\/kanepex.com\/en\/wp-json\/wp\/v2\/types\/product"}],"version-history":[{"count":3,"href":"http:\/\/kanepex.com\/en\/wp-json\/wp\/v2\/product\/31922\/revisions"}],"predecessor-version":[{"id":32538,"href":"http:\/\/kanepex.com\/en\/wp-json\/wp\/v2\/product\/31922\/revisions\/32538"}],"wp:featuredmedia":[{"embeddable":true,"href":"http:\/\/kanepex.com\/en\/wp-json\/wp\/v2\/media\/32060"}],"wp:attachment":[{"href":"http:\/\/kanepex.com\/en\/wp-json\/wp\/v2\/media?parent=31922"}],"wp:term":[{"taxonomy":"product_cat","embeddable":true,"href":"http:\/\/kanepex.com\/en\/wp-json\/wp\/v2\/product_cat?post=31922"},{"taxonomy":"product_tag","embeddable":true,"href":"http:\/\/kanepex.com\/en\/wp-json\/wp\/v2\/product_tag?post=31922"}],"curies":[{"name":"wp","href":"https:\/\/api.w.org\/{rel}","templated":true}]}}