{"id":31802,"date":"2024-08-09T22:30:09","date_gmt":"2024-08-09T19:30:09","guid":{"rendered":"https:\/\/kanepex.lv\/?post_type=product&#038;p=31802"},"modified":"2024-10-22T02:19:32","modified_gmt":"2024-10-21T23:19:32","slug":"100-bio-bariba-zivim-1kg","status":"publish","type":"product","link":"http:\/\/kanepex.com\/en\/product\/100-bio-bariba-zivim-1kg\/","title":{"rendered":"100% Organic Feed for fish, 1kg"},"content":{"rendered":"<p>100% BIO bar\u012bba ziv\u012bm, kas veidota no augstv\u0113rt\u012bg\u0101m ka\u0146epju izspied\u0113m un graudiem, audz\u0113ta biolo\u0123iski sertific\u0113tos laukos Latvij\u0101. \u0160\u012b bar\u012bba ir bag\u0101ta ar neaizvietojamaj\u0101m tauksk\u0101b\u0113m, olbaltumviel\u0101m, vitam\u012bniem un miner\u0101lviel\u0101m, kas veicina zivju vesel\u012bbu, \u0101tru aug\u0161anu un izcilu \u016bdens kvalit\u0101ti. Ka\u0146epju izspiedes un graudi nodro\u0161ina visas nepiecie\u0161am\u0101s uzturvielas, lai zivis b\u016btu vesel\u012bgas un akt\u012bvas. <strong>Izv\u0113lieties \u0161o bar\u012bbu, lai nodro\u0161in\u0101tu j\u016bsu ziv\u012bm ilgtsp\u0113j\u012bgu un dabisku uzturu<\/strong>. P\u0113c atv\u0113r\u0161anas uzglab\u0101t saus\u0101 viet\u0101, sarg\u0101jot no tie\u0161as saules gaismas, l\u012bdz 25\u00b0C.<\/p>","protected":false},"excerpt":{"rendered":"<p><strong>Ingredients<\/strong>: 70% ka\u0146epju izspiedes, 30% graudi (izcelsme LV).<\/p>","protected":false},"featured_media":31532,"template":"","meta":{"rank_math_lock_modified_date":false},"product_cat":[],"product_tag":[],"class_list":{"0":"post-31802","1":"product","2":"type-product","3":"status-publish","4":"has-post-thumbnail","8":"first","9":"instock","10":"taxable","11":"shipping-taxable","12":"purchasable","13":"product-type-simple"},"_links":{"self":[{"href":"http:\/\/kanepex.com\/en\/wp-json\/wp\/v2\/product\/31802","targetHints":{"allow":["GET"]}}],"collection":[{"href":"http:\/\/kanepex.com\/en\/wp-json\/wp\/v2\/product"}],"about":[{"href":"http:\/\/kanepex.com\/en\/wp-json\/wp\/v2\/types\/product"}],"version-history":[{"count":0,"href":"http:\/\/kanepex.com\/en\/wp-json\/wp\/v2\/product\/31802\/revisions"}],"wp:featuredmedia":[{"embeddable":true,"href":"http:\/\/kanepex.com\/en\/wp-json\/wp\/v2\/media\/31532"}],"wp:attachment":[{"href":"http:\/\/kanepex.com\/en\/wp-json\/wp\/v2\/media?parent=31802"}],"wp:term":[{"taxonomy":"product_cat","embeddable":true,"href":"http:\/\/kanepex.com\/en\/wp-json\/wp\/v2\/product_cat?post=31802"},{"taxonomy":"product_tag","embeddable":true,"href":"http:\/\/kanepex.com\/en\/wp-json\/wp\/v2\/product_tag?post=31802"}],"curies":[{"name":"wp","href":"https:\/\/api.w.org\/{rel}","templated":true}]}}