{"id":30965,"date":"2024-06-18T09:58:30","date_gmt":"2024-06-18T09:58:30","guid":{"rendered":"https:\/\/kanepex.dorosh.net\/?post_type=product&#038;p=30965"},"modified":"2025-12-14T17:57:25","modified_gmt":"2025-12-14T15:57:25","slug":"kanepju-seklu-teja-50g","status":"publish","type":"product","link":"http:\/\/kanepex.com\/en\/product\/kanepju-seklu-teja-50g\/","title":{"rendered":"Hemp seed tea, 50g"},"content":{"rendered":"<p>M\u016bsu 100% BIO ka\u0146epju s\u0113klu t\u0113ja ir veidota no augstv\u0113rt\u012bg\u0101m ka\u0146epju lap\u0101m un s\u0113kl\u0101m, kas audz\u0113tas biolo\u0123iski sertific\u0113tos laukos Latvij\u0101. \u0160\u012b t\u0113ja ir ne tikai izcils relaks\u0101cijas l\u012bdzeklis, bet ar\u012b bag\u0101ta ar b\u016btiskaj\u0101m uzturviel\u0101m, kas pal\u012bdz uzlabot j\u016bsu visp\u0101r\u0113jo labsaj\u016btu. Ka\u0146epju lapas un s\u0113klas satur pla\u0161u kl\u0101stu bioakt\u012bvo vielu, tostarp neaizvietojam\u0101s tauksk\u0101bes, antioksidantus, vitam\u012bnus un miner\u0101lvielas avots.<\/p>","protected":false},"excerpt":{"rendered":"<p><strong>Ingredients<\/strong>: 90% ka\u0146epju lapas, 10% ka\u0146epju s\u0113klas (izcelsme LV).<\/p>","protected":false},"featured_media":32062,"template":"","meta":{"rank_math_lock_modified_date":false},"product_cat":[],"product_tag":[],"class_list":{"0":"post-30965","1":"product","2":"type-product","3":"status-publish","4":"has-post-thumbnail","8":"first","9":"outofstock","10":"purchasable","11":"product-type-simple"},"_links":{"self":[{"href":"http:\/\/kanepex.com\/en\/wp-json\/wp\/v2\/product\/30965","targetHints":{"allow":["GET"]}}],"collection":[{"href":"http:\/\/kanepex.com\/en\/wp-json\/wp\/v2\/product"}],"about":[{"href":"http:\/\/kanepex.com\/en\/wp-json\/wp\/v2\/types\/product"}],"version-history":[{"count":2,"href":"http:\/\/kanepex.com\/en\/wp-json\/wp\/v2\/product\/30965\/revisions"}],"predecessor-version":[{"id":32540,"href":"http:\/\/kanepex.com\/en\/wp-json\/wp\/v2\/product\/30965\/revisions\/32540"}],"wp:featuredmedia":[{"embeddable":true,"href":"http:\/\/kanepex.com\/en\/wp-json\/wp\/v2\/media\/32062"}],"wp:attachment":[{"href":"http:\/\/kanepex.com\/en\/wp-json\/wp\/v2\/media?parent=30965"}],"wp:term":[{"taxonomy":"product_cat","embeddable":true,"href":"http:\/\/kanepex.com\/en\/wp-json\/wp\/v2\/product_cat?post=30965"},{"taxonomy":"product_tag","embeddable":true,"href":"http:\/\/kanepex.com\/en\/wp-json\/wp\/v2\/product_tag?post=30965"}],"curies":[{"name":"wp","href":"https:\/\/api.w.org\/{rel}","templated":true}]}}