{"id":30963,"date":"2024-06-18T09:53:47","date_gmt":"2024-06-18T09:53:47","guid":{"rendered":"https:\/\/kanepex.dorosh.net\/?post_type=product&#038;p=30963"},"modified":"2025-11-15T08:04:36","modified_gmt":"2025-11-15T06:04:36","slug":"100-bio-kanepju-seklu-ella-250ml","status":"publish","type":"product","link":"http:\/\/kanepex.com\/en\/product\/100-bio-kanepju-seklu-ella-250ml\/","title":{"rendered":"100% Organic Hemp seed oil, 250ml"},"content":{"rendered":"<div data-elementor-type=\"product-post\" data-elementor-id=\"30963\" class=\"elementor elementor-30963\" data-elementor-post-type=\"product\">\n\t\t\t\t<div class=\"elementor-element elementor-element-4238be1e e-flex e-con-boxed e-con e-parent\" data-id=\"4238be1e\" data-element_type=\"container\">\n\t\t\t\t\t<div class=\"e-con-inner\">\n\t\t\t\t<div class=\"elementor-element elementor-element-2fc810b elementor-widget elementor-widget-text-editor\" data-id=\"2fc810b\" data-element_type=\"widget\" data-widget_type=\"text-editor.default\">\n\t\t\t\t<div class=\"elementor-widget-container\">\n\t\t\t\t\t\t\t<p>Atkl\u0101jiet dabas sp\u0113ku ar m\u016bsu 100% auksti spiestu ka\u0146epju s\u0113klu e\u013c\u013cu! \u0160\u012b e\u013c\u013ca ir bag\u0101t\u012bga ar neaizvietojamaj\u0101m tauksk\u0101b\u0113m Omega 3, Omega 6, Omega 9, E vitam\u012bnu un antioksidantiem. Auksti spie\u0161anas process saglab\u0101 visas uzturv\u0113rt\u012bbas un nodro\u0161ina visaugst\u0101ko e\u013c\u013cas kvalit\u0101ti.<\/p>\t\t\t\t\t\t<\/div>\n\t\t\t\t<\/div>\n\t\t\t\t\t<\/div>\n\t\t\t\t<\/div>\n\t\t\t\t<\/div>","protected":false},"excerpt":{"rendered":"<p class=\" translation-block\"><strong>Ingredients<\/strong>: Cold-pressed hemp seed oil (origin LV).<\/p>","protected":false},"featured_media":32063,"template":"","meta":{"rank_math_lock_modified_date":false},"product_cat":[],"product_tag":[],"class_list":{"0":"post-30963","1":"product","2":"type-product","3":"status-publish","4":"has-post-thumbnail","8":"first","9":"outofstock","10":"taxable","11":"shipping-taxable","12":"purchasable","13":"product-type-simple"},"_links":{"self":[{"href":"http:\/\/kanepex.com\/en\/wp-json\/wp\/v2\/product\/30963","targetHints":{"allow":["GET"]}}],"collection":[{"href":"http:\/\/kanepex.com\/en\/wp-json\/wp\/v2\/product"}],"about":[{"href":"http:\/\/kanepex.com\/en\/wp-json\/wp\/v2\/types\/product"}],"version-history":[{"count":4,"href":"http:\/\/kanepex.com\/en\/wp-json\/wp\/v2\/product\/30963\/revisions"}],"predecessor-version":[{"id":32535,"href":"http:\/\/kanepex.com\/en\/wp-json\/wp\/v2\/product\/30963\/revisions\/32535"}],"wp:featuredmedia":[{"embeddable":true,"href":"http:\/\/kanepex.com\/en\/wp-json\/wp\/v2\/media\/32063"}],"wp:attachment":[{"href":"http:\/\/kanepex.com\/en\/wp-json\/wp\/v2\/media?parent=30963"}],"wp:term":[{"taxonomy":"product_cat","embeddable":true,"href":"http:\/\/kanepex.com\/en\/wp-json\/wp\/v2\/product_cat?post=30963"},{"taxonomy":"product_tag","embeddable":true,"href":"http:\/\/kanepex.com\/en\/wp-json\/wp\/v2\/product_tag?post=30963"}],"curies":[{"name":"wp","href":"https:\/\/api.w.org\/{rel}","templated":true}]}}