{"id":30959,"date":"2024-06-18T09:49:40","date_gmt":"2024-06-18T09:49:40","guid":{"rendered":"https:\/\/kanepex.dorosh.net\/?post_type=product&#038;p=30959"},"modified":"2025-07-29T19:06:44","modified_gmt":"2025-07-29T16:06:44","slug":"100-bio-lobitas-kanepju-seklas-150g","status":"publish","type":"product","link":"http:\/\/kanepex.com\/en\/product\/100-bio-lobitas-kanepju-seklas-150g\/","title":{"rendered":"100% Organic Hulled hemp seeds, 150g"},"content":{"rendered":"<p><strong data-start=\"125\" data-end=\"188\">Atkl\u0101j dabas sp\u0113ku ar m\u016bsu 100% BIO lob\u012bt\u0101m ka\u0146epju s\u0113kl\u0101m!<\/strong><br data-start=\"188\" data-end=\"191\" \/>\u0160\u012bs uzturviel\u0101m bag\u0101t\u0101s s\u0113klas ir lielisks Omega-3, 6 un 9 tauksk\u0101bju, pilnv\u0113rt\u012bgu olbaltumvielu un v\u0113rt\u012bgu miner\u0101lvielu avots.<br data-start=\"318\" data-end=\"321\" \/>Lob\u012bt\u0101s ka\u0146epju s\u0113klas ir daudzpus\u012bgas \u2013 pievieno t\u0101s sal\u0101tiem, past\u0101m, sm\u016btijiem, desertiem vai pat sald\u0113jumam!<br data-start=\"433\" data-end=\"436\" \/><strong data-start=\"439\" data-end=\"480\">Dabisks papildin\u0101jums katram \u0113dienam.<\/strong><\/p>","protected":false},"excerpt":{"rendered":"<p class=\" translation-block\"><strong>Ingredients<\/strong>: Organic hulled hemp seeds (origin LV).<\/p>","protected":false},"featured_media":32066,"template":"","meta":{"rank_math_lock_modified_date":false},"product_cat":[],"product_tag":[],"class_list":{"0":"post-30959","1":"product","2":"type-product","3":"status-publish","4":"has-post-thumbnail","8":"first","9":"instock","10":"taxable","11":"shipping-taxable","12":"purchasable","13":"product-type-simple"},"_links":{"self":[{"href":"http:\/\/kanepex.com\/en\/wp-json\/wp\/v2\/product\/30959","targetHints":{"allow":["GET"]}}],"collection":[{"href":"http:\/\/kanepex.com\/en\/wp-json\/wp\/v2\/product"}],"about":[{"href":"http:\/\/kanepex.com\/en\/wp-json\/wp\/v2\/types\/product"}],"version-history":[{"count":1,"href":"http:\/\/kanepex.com\/en\/wp-json\/wp\/v2\/product\/30959\/revisions"}],"predecessor-version":[{"id":32543,"href":"http:\/\/kanepex.com\/en\/wp-json\/wp\/v2\/product\/30959\/revisions\/32543"}],"wp:featuredmedia":[{"embeddable":true,"href":"http:\/\/kanepex.com\/en\/wp-json\/wp\/v2\/media\/32066"}],"wp:attachment":[{"href":"http:\/\/kanepex.com\/en\/wp-json\/wp\/v2\/media?parent=30959"}],"wp:term":[{"taxonomy":"product_cat","embeddable":true,"href":"http:\/\/kanepex.com\/en\/wp-json\/wp\/v2\/product_cat?post=30959"},{"taxonomy":"product_tag","embeddable":true,"href":"http:\/\/kanepex.com\/en\/wp-json\/wp\/v2\/product_tag?post=30959"}],"curies":[{"name":"wp","href":"https:\/\/api.w.org\/{rel}","templated":true}]}}