{"id":30954,"date":"2024-06-18T09:45:57","date_gmt":"2024-06-18T09:45:57","guid":{"rendered":"https:\/\/kanepex.dorosh.net\/?post_type=product&#038;p=30954"},"modified":"2025-09-21T12:51:04","modified_gmt":"2025-09-21T09:51:04","slug":"100-bio-kanepju-seklu-ella-ar-skiedrvielam-250ml","status":"publish","type":"product","link":"http:\/\/kanepex.com\/en\/product\/100-bio-kanepju-seklu-ella-ar-skiedrvielam-250ml\/","title":{"rendered":"100% Organic Hemp seed oil with fiber, 250ml"},"content":{"rendered":"<p><strong data-start=\"102\" data-end=\"171\">Atkl\u0101j m\u016bsu 100% BIO auksti spiestu ka\u0146epju e\u013c\u013cu ar \u0161\u0137iedrviel\u0101m!<\/strong><br data-start=\"171\" data-end=\"174\" \/>Bag\u0101ta ar neaizvietojamaj\u0101m Omega-3, 6 un 9 tauksk\u0101b\u0113m, E vitam\u012bnu, antioksidantiem un \u0161\u0137iedrviel\u0101m.<br data-start=\"274\" data-end=\"277\" \/><strong data-start=\"280\" data-end=\"308\">Nefiltr\u0113ta un nerafin\u0113ta<\/strong> \u2013 saglab\u0101 visas dabisk\u0101s uzturvielas un arom\u0101tu.<br data-start=\"357\" data-end=\"360\" \/>Aukst\u0101s spie\u0161anas tehnolo\u0123ija nodro\u0161ina augst\u0101ko kvalit\u0101ti.<br data-start=\"419\" data-end=\"422\" \/>Izcili piem\u0113rota <strong data-start=\"442\" data-end=\"454\">sal\u0101tiem<\/strong>, pie\u0161\u0137irot riekstainu gar\u0161u, un ar\u012b <strong data-start=\"491\" data-end=\"509\">ga\u013cas cep\u0161anai<\/strong>, ja v\u0113lies ko \u012bpa\u0161i gardu!<\/p>","protected":false},"excerpt":{"rendered":"<p class=\" translation-block\"><strong>Ingredients<\/strong>: Cold-pressed hemp seed oil with fiber (origin LV).<\/p>","protected":false},"featured_media":32064,"template":"","meta":{"rank_math_lock_modified_date":false},"product_cat":[],"product_tag":[],"class_list":{"0":"post-30954","1":"product","2":"type-product","3":"status-publish","4":"has-post-thumbnail","8":"first","9":"instock","10":"taxable","11":"shipping-taxable","12":"purchasable","13":"product-type-simple"},"_links":{"self":[{"href":"http:\/\/kanepex.com\/en\/wp-json\/wp\/v2\/product\/30954","targetHints":{"allow":["GET"]}}],"collection":[{"href":"http:\/\/kanepex.com\/en\/wp-json\/wp\/v2\/product"}],"about":[{"href":"http:\/\/kanepex.com\/en\/wp-json\/wp\/v2\/types\/product"}],"version-history":[{"count":3,"href":"http:\/\/kanepex.com\/en\/wp-json\/wp\/v2\/product\/30954\/revisions"}],"predecessor-version":[{"id":32545,"href":"http:\/\/kanepex.com\/en\/wp-json\/wp\/v2\/product\/30954\/revisions\/32545"}],"wp:featuredmedia":[{"embeddable":true,"href":"http:\/\/kanepex.com\/en\/wp-json\/wp\/v2\/media\/32064"}],"wp:attachment":[{"href":"http:\/\/kanepex.com\/en\/wp-json\/wp\/v2\/media?parent=30954"}],"wp:term":[{"taxonomy":"product_cat","embeddable":true,"href":"http:\/\/kanepex.com\/en\/wp-json\/wp\/v2\/product_cat?post=30954"},{"taxonomy":"product_tag","embeddable":true,"href":"http:\/\/kanepex.com\/en\/wp-json\/wp\/v2\/product_tag?post=30954"}],"curies":[{"name":"wp","href":"https:\/\/api.w.org\/{rel}","templated":true}]}}