{"id":30942,"date":"2024-06-18T09:04:25","date_gmt":"2024-06-18T09:04:25","guid":{"rendered":"https:\/\/kanepex.dorosh.net\/?post_type=product&#038;p=30942"},"modified":"2025-12-18T14:45:58","modified_gmt":"2025-12-18T12:45:58","slug":"100-bio-kanepju-proteins-500g","status":"publish","type":"product","link":"http:\/\/kanepex.com\/en\/product\/100-bio-kanepju-proteins-500g\/","title":{"rendered":"100% Organic Hemp protein, 500g"},"content":{"rendered":"<p data-start=\"124\" data-end=\"407\"><strong data-start=\"124\" data-end=\"169\">Atkl\u0101jiet m\u016bsu 100% BIO ka\u0146epju prote\u012bnu!<\/strong><br data-start=\"169\" data-end=\"172\" \/>Bag\u0101ts ar augstv\u0113rt\u012bg\u0101m olbaltumviel\u0101m un neaizvietojamaj\u0101m tauksk\u0101b\u0113m \u2013 Omega-3, Omega-6 un Omega-9.<br data-start=\"273\" data-end=\"276\" \/>\u0160is augu valsts prote\u012bns ir lielisks uztura papildin\u0101jums <strong data-start=\"334\" data-end=\"406\">sportistiem, ve\u0123et\u0101rie\u0161iem un visiem akt\u012bva dz\u012bvesveida piekrit\u0113jiem<\/strong>.<\/p>\n<p data-start=\"409\" data-end=\"713\"><strong data-start=\"412\" data-end=\"428\">K\u0101 izmantot?<\/strong><br data-start=\"428\" data-end=\"431\" \/>\u2013 Gatavo <strong data-start=\"440\" data-end=\"467\">olbaltumvielu koktei\u013cus<\/strong> vai sm\u016btijus<br data-start=\"480\" data-end=\"483\" \/>\u2013 Pievieno <strong data-start=\"494\" data-end=\"522\">maizes un pank\u016bku m\u012bklai<\/strong><br data-start=\"522\" data-end=\"525\" \/>\u2013 Sajauc ar sviestu vai augu past\u0101m<br data-start=\"560\" data-end=\"563\" \/>\u2013 Izmanto <strong data-start=\"573\" data-end=\"592\">m\u0113r\u010du un humusa<\/strong> bag\u0101tin\u0101\u0161anai<br data-start=\"606\" data-end=\"609\" \/>\u2013 Pievieno <strong data-start=\"620\" data-end=\"655\">makaronu vai pesto pagatavo\u0161an\u0101<\/strong><br data-start=\"655\" data-end=\"658\" \/>\u2013 Apber saut\u0113jumus vai graudaugus \u2013 k\u0101 vesel\u012bgu piedevu<\/p>\n<p data-start=\"715\" data-end=\"780\"><strong data-start=\"718\" data-end=\"780\">Dabisks, uzturviel\u0101m bag\u0101ts un daudzpus\u012bgs prote\u012bna avots.<\/strong><\/p>","protected":false},"excerpt":{"rendered":"<p class=\" translation-block\"><strong>Ingredients<\/strong>: Organic hemp protein (origin LV).<\/p>","protected":false},"featured_media":32065,"template":"","meta":{"rank_math_lock_modified_date":false},"product_cat":[],"product_tag":[],"class_list":{"0":"post-30942","1":"product","2":"type-product","3":"status-publish","4":"has-post-thumbnail","8":"first","9":"instock","10":"taxable","11":"shipping-taxable","12":"purchasable","13":"product-type-simple"},"_links":{"self":[{"href":"http:\/\/kanepex.com\/en\/wp-json\/wp\/v2\/product\/30942","targetHints":{"allow":["GET"]}}],"collection":[{"href":"http:\/\/kanepex.com\/en\/wp-json\/wp\/v2\/product"}],"about":[{"href":"http:\/\/kanepex.com\/en\/wp-json\/wp\/v2\/types\/product"}],"version-history":[{"count":2,"href":"http:\/\/kanepex.com\/en\/wp-json\/wp\/v2\/product\/30942\/revisions"}],"predecessor-version":[{"id":32550,"href":"http:\/\/kanepex.com\/en\/wp-json\/wp\/v2\/product\/30942\/revisions\/32550"}],"wp:featuredmedia":[{"embeddable":true,"href":"http:\/\/kanepex.com\/en\/wp-json\/wp\/v2\/media\/32065"}],"wp:attachment":[{"href":"http:\/\/kanepex.com\/en\/wp-json\/wp\/v2\/media?parent=30942"}],"wp:term":[{"taxonomy":"product_cat","embeddable":true,"href":"http:\/\/kanepex.com\/en\/wp-json\/wp\/v2\/product_cat?post=30942"},{"taxonomy":"product_tag","embeddable":true,"href":"http:\/\/kanepex.com\/en\/wp-json\/wp\/v2\/product_tag?post=30942"}],"curies":[{"name":"wp","href":"https:\/\/api.w.org\/{rel}","templated":true}]}}